{"id":346,"date":"2018-07-28T16:07:17","date_gmt":"2018-07-28T16:07:17","guid":{"rendered":"http:\/\/manufacturer.stylemixthemes.com\/industrial:8888\/?page_id=346"},"modified":"2025-05-22T17:38:43","modified_gmt":"2025-05-22T17:38:43","slug":"about-us","status":"publish","type":"page","link":"https:\/\/www.ldr.it\/it\/about-us\/","title":{"rendered":"La Storia"},"content":{"rendered":"\t\t<div data-elementor-type=\"wp-post\" data-elementor-id=\"346\" class=\"elementor elementor-346\">\n\t\t\t\t\t\t<section class=\"elementor-section elementor-top-section elementor-element elementor-element-10b3474 elementor-section-boxed elementor-section-height-default elementor-section-height-default\" data-id=\"10b3474\" data-element_type=\"section\">\n\t\t\t\t\t\t<div class=\"elementor-container elementor-column-gap-default\">\n\t\t\t\t\t<div class=\"elementor-column elementor-col-50 elementor-top-column elementor-element elementor-element-9f7d21a elementor-invisible\" data-id=\"9f7d21a\" data-element_type=\"column\" data-settings=\"{&quot;animation&quot;:&quot;fadeIn&quot;}\">\n\t\t\t<div class=\"elementor-widget-wrap elementor-element-populated\">\n\t\t\t\t\t\t<div class=\"elementor-element elementor-element-e9362b6 elementor-widget elementor-widget-image\" data-id=\"e9362b6\" data-element_type=\"widget\" data-widget_type=\"image.default\">\n\t\t\t\t<div class=\"elementor-widget-container\">\n\t\t\t\t\t\t\t\t\t\t\t\t\t\t\t<img fetchpriority=\"high\" decoding=\"async\" width=\"1507\" height=\"728\" src=\"https:\/\/www.ldr.it\/wp-content\/uploads\/2025\/02\/LDR-Company-Profile-2023.png\" class=\"attachment-manufacturer_full size-manufacturer_full wp-image-2623\" alt=\"\" srcset=\"https:\/\/www.ldr.it\/wp-content\/uploads\/2025\/02\/LDR-Company-Profile-2023.png 1507w, https:\/\/www.ldr.it\/wp-content\/uploads\/2025\/02\/LDR-Company-Profile-2023-300x145.png 300w, https:\/\/www.ldr.it\/wp-content\/uploads\/2025\/02\/LDR-Company-Profile-2023-1024x495.png 1024w, https:\/\/www.ldr.it\/wp-content\/uploads\/2025\/02\/LDR-Company-Profile-2023-768x371.png 768w, https:\/\/www.ldr.it\/wp-content\/uploads\/2025\/02\/LDR-Company-Profile-2023-285x138.png 285w, https:\/\/www.ldr.it\/wp-content\/uploads\/2025\/02\/LDR-Company-Profile-2023-660x319.png 660w, https:\/\/www.ldr.it\/wp-content\/uploads\/2025\/02\/LDR-Company-Profile-2023-150x72.png 150w\" sizes=\"(max-width: 1507px) 100vw, 1507px\" \/>\t\t\t\t\t\t\t\t\t\t\t\t\t\t\t<\/div>\n\t\t\t\t<\/div>\n\t\t\t\t\t<\/div>\n\t\t<\/div>\n\t\t\t\t<div class=\"elementor-column elementor-col-50 elementor-top-column elementor-element elementor-element-988c61c elementor-invisible\" data-id=\"988c61c\" data-element_type=\"column\" data-settings=\"{&quot;animation&quot;:&quot;fadeIn&quot;,&quot;animation_delay&quot;:200}\">\n\t\t\t<div class=\"elementor-widget-wrap elementor-element-populated\">\n\t\t\t\t\t\t<div class=\"elementor-element elementor-element-7b75cff elementor-widget elementor-widget-heading\" data-id=\"7b75cff\" data-element_type=\"widget\" data-widget_type=\"heading.default\">\n\t\t\t\t<div class=\"elementor-widget-container\">\n\t\t\t\t\t<h2 class=\"elementor-heading-title elementor-size-default elementor-heading-title elementor-align-after-left elementor-align-after-mobile-center elementor-align-after-tablet-left\">l'AZIENDA<\/h2>\t\t\t\t<\/div>\n\t\t\t\t<\/div>\n\t\t\t\t<div class=\"elementor-element elementor-element-9cdd897 elementor-widget elementor-widget-text-editor\" data-id=\"9cdd897\" data-element_type=\"widget\" data-widget_type=\"text-editor.default\">\n\t\t\t\t<div class=\"elementor-widget-container\">\n\t\t\t\t\t\t\t\t\t<p><strong>Luci della Ribalta<\/strong>, o <strong>LDR<\/strong> come \u00e8 conosciuta in tutto il mondo, ha iniziato la sua attivit\u00e0 nel 1997, con l&#8217;obiettivo di fornire al mercato dell&#8217;illuminazione teatrale prodotti di alta qualit\u00e0, ben progettati e convenienti, abbinati a un servizio clienti rapido e professionale. In breve tempo, LDR si \u00e8 affermata come uno dei principali fornitori internazionali di proiettori teatrali e architetturali, profile, proiettori e followspot.<\/p>\t\t\t\t\t\t\t\t<\/div>\n\t\t\t\t<\/div>\n\t\t\t\t\t<\/div>\n\t\t<\/div>\n\t\t\t\t\t<\/div>\n\t\t<\/section>\n\t\t\t\t<section class=\"elementor-section elementor-top-section elementor-element elementor-element-0e8b69e elementor-reverse-mobile elementor-section-boxed elementor-section-height-default elementor-section-height-default\" data-id=\"0e8b69e\" data-element_type=\"section\">\n\t\t\t\t\t\t<div class=\"elementor-container elementor-column-gap-default\">\n\t\t\t\t\t<div class=\"elementor-column elementor-col-50 elementor-top-column elementor-element elementor-element-c41126a elementor-invisible\" data-id=\"c41126a\" data-element_type=\"column\" data-settings=\"{&quot;animation&quot;:&quot;fadeIn&quot;}\">\n\t\t\t<div class=\"elementor-widget-wrap elementor-element-populated\">\n\t\t\t\t\t\t<div class=\"elementor-element elementor-element-fddaa89 elementor-widget elementor-widget-text-editor\" data-id=\"fddaa89\" data-element_type=\"widget\" data-widget_type=\"text-editor.default\">\n\t\t\t\t<div class=\"elementor-widget-container\">\n\t\t\t\t\t\t\t\t\t<p>I fondatori e azionisti, <strong>Lisa Papi<\/strong>, <strong>Fausto Baietta<\/strong> e <strong>Marco<\/strong> <strong>Baietta<\/strong>, sono ancora oggi attivamente impegnati nella gestione dell&#8217;azienda, ricoprendo personalmente tutte le posizioni chiave. Questo garantisce alla struttura uno stretto controllo su ogni processo all&#8217;interno dell&#8217;azienda, dalle vendite alla ricerca e sviluppo, dagli acquisti alla finanza, dalla produzione alle spedizioni, e allo stesso tempo la grande flessibilit\u00e0 per cui LDR si \u00e8 guadagnata una solida reputazione.<\/p><p>Alla fine del 2000 LDR si \u00e8 trasferita in una nuova sede in Via Berna 14, 46042 Castel Goffredo, Italia, dove l&#8217;azienda \u00e8 tuttora operativa e dal 2008 \u00e8 proprietaria dell&#8217;edificio e dell&#8217;area circostante.<\/p>\t\t\t\t\t\t\t\t<\/div>\n\t\t\t\t<\/div>\n\t\t\t\t\t<\/div>\n\t\t<\/div>\n\t\t\t\t<div class=\"elementor-column elementor-col-50 elementor-top-column elementor-element elementor-element-6aa81e0 elementor-invisible\" data-id=\"6aa81e0\" data-element_type=\"column\" data-settings=\"{&quot;animation&quot;:&quot;fadeIn&quot;,&quot;animation_delay&quot;:200}\">\n\t\t\t<div class=\"elementor-widget-wrap elementor-element-populated\">\n\t\t\t\t\t\t<div class=\"elementor-element elementor-element-c56f49a elementor-widget elementor-widget-image\" data-id=\"c56f49a\" data-element_type=\"widget\" data-widget_type=\"image.default\">\n\t\t\t\t<div class=\"elementor-widget-container\">\n\t\t\t\t\t\t\t\t\t\t\t\t\t\t\t<img decoding=\"async\" width=\"940\" height=\"497\" src=\"https:\/\/www.ldr.it\/wp-content\/uploads\/2025\/02\/LDR-Company-Profile-2023-13-1024x541.png\" class=\"attachment-large size-large wp-image-2625\" alt=\"\" srcset=\"https:\/\/www.ldr.it\/wp-content\/uploads\/2025\/02\/LDR-Company-Profile-2023-13-1024x541.png 1024w, https:\/\/www.ldr.it\/wp-content\/uploads\/2025\/02\/LDR-Company-Profile-2023-13-300x159.png 300w, https:\/\/www.ldr.it\/wp-content\/uploads\/2025\/02\/LDR-Company-Profile-2023-13-768x406.png 768w, https:\/\/www.ldr.it\/wp-content\/uploads\/2025\/02\/LDR-Company-Profile-2023-13-1536x812.png 1536w, https:\/\/www.ldr.it\/wp-content\/uploads\/2025\/02\/LDR-Company-Profile-2023-13-285x151.png 285w, https:\/\/www.ldr.it\/wp-content\/uploads\/2025\/02\/LDR-Company-Profile-2023-13-1600x845.png 1600w, https:\/\/www.ldr.it\/wp-content\/uploads\/2025\/02\/LDR-Company-Profile-2023-13-660x349.png 660w, https:\/\/www.ldr.it\/wp-content\/uploads\/2025\/02\/LDR-Company-Profile-2023-13-150x79.png 150w, https:\/\/www.ldr.it\/wp-content\/uploads\/2025\/02\/LDR-Company-Profile-2023-13.png 2008w\" sizes=\"(max-width: 940px) 100vw, 940px\" \/>\t\t\t\t\t\t\t\t\t\t\t\t\t\t\t<\/div>\n\t\t\t\t<\/div>\n\t\t\t\t\t<\/div>\n\t\t<\/div>\n\t\t\t\t\t<\/div>\n\t\t<\/section>\n\t\t\t\t<section class=\"elementor-section elementor-top-section elementor-element elementor-element-2ded6f6 elementor-section-boxed elementor-section-height-default elementor-section-height-default elementor-invisible\" data-id=\"2ded6f6\" data-element_type=\"section\" data-settings=\"{&quot;animation&quot;:&quot;fadeIn&quot;,&quot;background_background&quot;:&quot;classic&quot;}\">\n\t\t\t\t\t\t<div class=\"elementor-container elementor-column-gap-default\">\n\t\t\t\t\t<div class=\"elementor-column elementor-col-50 elementor-top-column elementor-element elementor-element-e9519f4\" data-id=\"e9519f4\" data-element_type=\"column\" data-settings=\"{&quot;background_background&quot;:&quot;classic&quot;}\">\n\t\t\t<div class=\"elementor-widget-wrap elementor-element-populated\">\n\t\t\t\t\t\t<div class=\"elementor-element elementor-element-186b353 elementor-widget__width-initial elementor-widget elementor-widget-image\" data-id=\"186b353\" data-element_type=\"widget\" data-widget_type=\"image.default\">\n\t\t\t\t<div class=\"elementor-widget-container\">\n\t\t\t\t\t\t\t\t\t\t\t\t\t\t\t<img decoding=\"async\" width=\"540\" height=\"540\" src=\"https:\/\/www.ldr.it\/wp-content\/uploads\/2025\/02\/LDR-Company-Profile-2023-6-540x540.png\" class=\"attachment-manufacturer_wc_medium size-manufacturer_wc_medium wp-image-2648\" alt=\"\" srcset=\"https:\/\/www.ldr.it\/wp-content\/uploads\/2025\/02\/LDR-Company-Profile-2023-6-540x540.png 540w, https:\/\/www.ldr.it\/wp-content\/uploads\/2025\/02\/LDR-Company-Profile-2023-6-150x150.png 150w, https:\/\/www.ldr.it\/wp-content\/uploads\/2025\/02\/LDR-Company-Profile-2023-6-270x270.png 270w\" sizes=\"(max-width: 540px) 100vw, 540px\" \/>\t\t\t\t\t\t\t\t\t\t\t\t\t\t\t<\/div>\n\t\t\t\t<\/div>\n\t\t\t\t\t<\/div>\n\t\t<\/div>\n\t\t\t\t<div class=\"elementor-column elementor-col-50 elementor-top-column elementor-element elementor-element-0d69e39\" data-id=\"0d69e39\" data-element_type=\"column\" data-settings=\"{&quot;background_background&quot;:&quot;classic&quot;}\">\n\t\t\t<div class=\"elementor-widget-wrap elementor-element-populated\">\n\t\t\t\t\t\t<div class=\"elementor-element elementor-element-44c282b elementor-invisible elementor-widget elementor-widget-text-editor\" data-id=\"44c282b\" data-element_type=\"widget\" data-settings=\"{&quot;_animation&quot;:&quot;fadeIn&quot;}\" data-widget_type=\"text-editor.default\">\n\t\t\t\t<div class=\"elementor-widget-container\">\n\t\t\t\t\t\t\t\t\t<p>I prodotti <strong>LDR<\/strong> sono stati scelti per alcune delle installazioni pi\u00f9 prestigiose del mondo, tra cui il Teatro dell&#8217;Opera di Oslo e il Museo Guggenheim di Bilbao, e possono essere ammirati in occasione delle principali fiere internazionali. Una visita a questo sito vi dar\u00e0 un&#8217;idea dei prodotti e dei servizi che siamo in grado di offrire.<br \/><strong>LDR<\/strong> \u00e8 un&#8217;azienda in rapida evoluzione, che fornisce un servizio eccellente al cliente. Negli ultimi anni il marchio <strong>LDR<\/strong> si \u00e8 guadagnato una reputazione di qualit\u00e0 e valore presso un&#8217;ampia gamma di utenti, tra cui molti teatri, studi televisivi, scuole, musei, rental company e in tutte quelle applicazioni in cui sono richiesti prodotti di alta qualit\u00e0.<br \/>Dopo oltre 25 anni di attivit\u00e0 e con pi\u00f9 di 200 modelli a catalogo, <strong>LDR<\/strong> offre una delle pi\u00f9 ampie gamme di apparecchi per teatro presenti sul mercato.<br \/>L&#8217;offerta di prodotti <strong>LDR<\/strong> comprende una gamma completa di apparecchi alogeni al tungsteno, a scarica e a LED, PC, apparecchi fresnel, profile ottici a doppia condensazione e proiettori, oltre a una delle pi\u00f9 ampie gamme di seguipersona al mondo. <strong>LDR<\/strong> \u00e8 quindi in grado di fornire una soluzione rapida, economica e personalizzata per ogni esigenza di illuminazione teatrale e architetturale.<br \/>I prodotti <strong>LDR<\/strong> sono stati scelti per alcuni dei luoghi di spettacolo pi\u00f9 prestigiosi del mondo, il cui numero aumenta di giorno in giorno, e possono essere visti in tutte le principali fiere internazionali dello spettacolo dal vivo in tutto il mondo.<\/p>\t\t\t\t\t\t\t\t<\/div>\n\t\t\t\t<\/div>\n\t\t\t\t\t<\/div>\n\t\t<\/div>\n\t\t\t\t\t<\/div>\n\t\t<\/section>\n\t\t<div class=\"elementor-element elementor-element-4750133 e-flex e-con-boxed e-con e-parent\" data-id=\"4750133\" data-element_type=\"container\">\n\t\t\t\t\t<div class=\"e-con-inner\">\n\t\t\t\t<div class=\"elementor-element elementor-element-35c1450 elementor-widget elementor-widget-sm-timeline\" data-id=\"35c1450\" data-element_type=\"widget\" data-widget_type=\"sm-timeline.default\">\n\t\t\t\t<div class=\"elementor-widget-container\">\n\t\t\t\t\t\t\n\t\t\n\t<div class=\"man_timeline\">\n\t\t<div class=\"man_timeline_line\"><\/div>\n\t\t<div class=\"man_timeline_carousel owl-carousel\">\n\t\t\t\t\t\t<div class=\"man_timeline_item\">\n\t\t\t\t<div class=\"man_timeline_pin odd\">\n\t\t\t\t\t<span class=\"man_timeline_point\"><\/span>\n\t\t\t\t\t<span class=\"man_timeline_point_border\"><\/span>\n\t\t\t\t\t<div class=\"man_timeline_pin_title\">\n\t\t\t\t\t\t1997\t\t\t\t\t<\/div>\n\t\t\t\t\t<div class=\"man_timeline_pin_cont\">\n\t\t\t\t\t\t\n\n\t\t\t\t\t\t\t\t\t\t\t\t\t<div class=\"man_timeline_pin_cont_corner\">\n\t\t\t\t\t\t\t\t<svg\n\t\t\t\t\t\t\t\t  xmlns='http:\/\/www.w3.org\/2000\/svg'\n\t\t\t\t\t\t\t\t  viewBox='0 0 64 64'\n\t\t\t\t\t\t\t\t  width='64' height='64'\n\t\t\t\t\t\t\t\t  fill='currentcolor'>\n\t\t\t\t\t\t\t\t  <path d='M0 16 L10 16 L0 0 Z' \/>\n\t\t\t\t\t\t\t\t<\/svg>\n\t\t\t\t\t\t\t<\/div>\n\t\t\t\t\t\t\t\t\t\t\t\t\t\n\t\t\t\t\t\t\n\t\t\t\t\t\t<p>Anno di Fondazione<\/p>\t\t\t\t\t<\/div>\n\t\t\t\t<\/div>\n\t\t\t<\/div>\n\t\t\t\t\t\t<div class=\"man_timeline_item\">\n\t\t\t\t<div class=\"man_timeline_pin even\">\n\t\t\t\t\t<span class=\"man_timeline_point\"><\/span>\n\t\t\t\t\t<span class=\"man_timeline_point_border\"><\/span>\n\t\t\t\t\t<div class=\"man_timeline_pin_title\">\n\t\t\t\t\t\t1999\t\t\t\t\t<\/div>\n\t\t\t\t\t<div class=\"man_timeline_pin_cont\">\n\t\t\t\t\t\t\n\n\t\t\t\t\t\t\t\t\t\t\t\t\t<div class=\"man_timeline_pin_cont_corner man_timeline_pin_cont_corner_even\">\n\t\t\t\t\t\t\t\t<svg\n\t\t\t\t\t\t\t\t  xmlns='http:\/\/www.w3.org\/2000\/svg'\n\t\t\t\t\t\t\t\t  viewBox='0 0 64 64'\n\t\t\t\t\t\t\t\t  width='64' height='64'\n\t\t\t\t\t\t\t\t  fill='currentcolor'>\n\t\t\t\t\t\t\t\t  <path d='M0 16 L10 0 L0 0 L0 8 Z' \/>\n\t\t\t\t\t\t\t\t<\/svg>\n\t\t\t\t\t\t\t<\/div>\n\t\t\t\t\t\t\t\t\t\t\t\t\t\n\t\t\t\t\t\t\n\t\t\t\t\t\t<p>Primo Seguipersona Canto 250msd<\/p>\t\t\t\t\t<\/div>\n\t\t\t\t<\/div>\n\t\t\t<\/div>\n\t\t\t\t\t\t<div class=\"man_timeline_item\">\n\t\t\t\t<div class=\"man_timeline_pin odd\">\n\t\t\t\t\t<span class=\"man_timeline_point\"><\/span>\n\t\t\t\t\t<span class=\"man_timeline_point_border\"><\/span>\n\t\t\t\t\t<div class=\"man_timeline_pin_title\">\n\t\t\t\t\t\t2000\t\t\t\t\t<\/div>\n\t\t\t\t\t<div class=\"man_timeline_pin_cont\">\n\t\t\t\t\t\t\n\n\t\t\t\t\t\t\t\t\t\t\t\t\t<div class=\"man_timeline_pin_cont_corner\">\n\t\t\t\t\t\t\t\t<svg\n\t\t\t\t\t\t\t\t  xmlns='http:\/\/www.w3.org\/2000\/svg'\n\t\t\t\t\t\t\t\t  viewBox='0 0 64 64'\n\t\t\t\t\t\t\t\t  width='64' height='64'\n\t\t\t\t\t\t\t\t  fill='currentcolor'>\n\t\t\t\t\t\t\t\t  <path d='M0 16 L10 16 L0 0 Z' \/>\n\t\t\t\t\t\t\t\t<\/svg>\n\t\t\t\t\t\t\t<\/div>\n\t\t\t\t\t\t\t\t\t\t\t\t\t\n\t\t\t\t\t\t\n\t\t\t\t\t\t<p>Serie completa Seguipersona Canto MK1<\/p>\t\t\t\t\t<\/div>\n\t\t\t\t<\/div>\n\t\t\t<\/div>\n\t\t\t\t\t\t<div class=\"man_timeline_item\">\n\t\t\t\t<div class=\"man_timeline_pin even\">\n\t\t\t\t\t<span class=\"man_timeline_point\"><\/span>\n\t\t\t\t\t<span class=\"man_timeline_point_border\"><\/span>\n\t\t\t\t\t<div class=\"man_timeline_pin_title\">\n\t\t\t\t\t\t2005\t\t\t\t\t<\/div>\n\t\t\t\t\t<div class=\"man_timeline_pin_cont\">\n\t\t\t\t\t\t\n\n\t\t\t\t\t\t\t\t\t\t\t\t\t<div class=\"man_timeline_pin_cont_corner man_timeline_pin_cont_corner_even\">\n\t\t\t\t\t\t\t\t<svg\n\t\t\t\t\t\t\t\t  xmlns='http:\/\/www.w3.org\/2000\/svg'\n\t\t\t\t\t\t\t\t  viewBox='0 0 64 64'\n\t\t\t\t\t\t\t\t  width='64' height='64'\n\t\t\t\t\t\t\t\t  fill='currentcolor'>\n\t\t\t\t\t\t\t\t  <path d='M0 16 L10 0 L0 0 L0 8 Z' \/>\n\t\t\t\t\t\t\t\t<\/svg>\n\t\t\t\t\t\t\t<\/div>\n\t\t\t\t\t\t\t\t\t\t\t\t\t\n\t\t\t\t\t\t\n\t\t\t\t\t\t<p>Lancio della serie Canto MK2<\/p>\t\t\t\t\t<\/div>\n\t\t\t\t<\/div>\n\t\t\t<\/div>\n\t\t\t\t\t\t<div class=\"man_timeline_item\">\n\t\t\t\t<div class=\"man_timeline_pin odd\">\n\t\t\t\t\t<span class=\"man_timeline_point\"><\/span>\n\t\t\t\t\t<span class=\"man_timeline_point_border\"><\/span>\n\t\t\t\t\t<div class=\"man_timeline_pin_title\">\n\t\t\t\t\t\t2012\t\t\t\t\t<\/div>\n\t\t\t\t\t<div class=\"man_timeline_pin_cont\">\n\t\t\t\t\t\t\n\n\t\t\t\t\t\t\t\t\t\t\t\t\t<div class=\"man_timeline_pin_cont_corner\">\n\t\t\t\t\t\t\t\t<svg\n\t\t\t\t\t\t\t\t  xmlns='http:\/\/www.w3.org\/2000\/svg'\n\t\t\t\t\t\t\t\t  viewBox='0 0 64 64'\n\t\t\t\t\t\t\t\t  width='64' height='64'\n\t\t\t\t\t\t\t\t  fill='currentcolor'>\n\t\t\t\t\t\t\t\t  <path d='M0 16 L10 16 L0 0 Z' \/>\n\t\t\t\t\t\t\t\t<\/svg>\n\t\t\t\t\t\t\t<\/div>\n\t\t\t\t\t\t\t\t\t\t\t\t\t\n\t\t\t\t\t\t\n\t\t\t\t\t\t<p>Primo Sagomatore LED ALBA MK1<\/p>\t\t\t\t\t<\/div>\n\t\t\t\t<\/div>\n\t\t\t<\/div>\n\t\t\t\t\t\t<div class=\"man_timeline_item\">\n\t\t\t\t<div class=\"man_timeline_pin even\">\n\t\t\t\t\t<span class=\"man_timeline_point\"><\/span>\n\t\t\t\t\t<span class=\"man_timeline_point_border\"><\/span>\n\t\t\t\t\t<div class=\"man_timeline_pin_title\">\n\t\t\t\t\t\t2017\t\t\t\t\t<\/div>\n\t\t\t\t\t<div class=\"man_timeline_pin_cont\">\n\t\t\t\t\t\t\n\n\t\t\t\t\t\t\t\t\t\t\t\t\t<div class=\"man_timeline_pin_cont_corner man_timeline_pin_cont_corner_even\">\n\t\t\t\t\t\t\t\t<svg\n\t\t\t\t\t\t\t\t  xmlns='http:\/\/www.w3.org\/2000\/svg'\n\t\t\t\t\t\t\t\t  viewBox='0 0 64 64'\n\t\t\t\t\t\t\t\t  width='64' height='64'\n\t\t\t\t\t\t\t\t  fill='currentcolor'>\n\t\t\t\t\t\t\t\t  <path d='M0 16 L10 0 L0 0 L0 8 Z' \/>\n\t\t\t\t\t\t\t\t<\/svg>\n\t\t\t\t\t\t\t<\/div>\n\t\t\t\t\t\t\t\t\t\t\t\t\t\n\t\t\t\t\t\t\n\t\t\t\t\t\t<p>Completata l'intera gamma di LED<\/p>\t\t\t\t\t<\/div>\n\t\t\t\t<\/div>\n\t\t\t<\/div>\n\t\t\t\t\t\t<div class=\"man_timeline_item\">\n\t\t\t\t<div class=\"man_timeline_pin odd\">\n\t\t\t\t\t<span class=\"man_timeline_point\"><\/span>\n\t\t\t\t\t<span class=\"man_timeline_point_border\"><\/span>\n\t\t\t\t\t<div class=\"man_timeline_pin_title\">\n\t\t\t\t\t\t2018\t\t\t\t\t<\/div>\n\t\t\t\t\t<div class=\"man_timeline_pin_cont\">\n\t\t\t\t\t\t\n\n\t\t\t\t\t\t\t\t\t\t\t\t\t<div class=\"man_timeline_pin_cont_corner\">\n\t\t\t\t\t\t\t\t<svg\n\t\t\t\t\t\t\t\t  xmlns='http:\/\/www.w3.org\/2000\/svg'\n\t\t\t\t\t\t\t\t  viewBox='0 0 64 64'\n\t\t\t\t\t\t\t\t  width='64' height='64'\n\t\t\t\t\t\t\t\t  fill='currentcolor'>\n\t\t\t\t\t\t\t\t  <path d='M0 16 L10 16 L0 0 Z' \/>\n\t\t\t\t\t\t\t\t<\/svg>\n\t\t\t\t\t\t\t<\/div>\n\t\t\t\t\t\t\t\t\t\t\t\t\t\n\t\t\t\t\t\t\n\t\t\t\t\t\t<p>Lancio del Seguipersona TANGO<\/p>\t\t\t\t\t<\/div>\n\t\t\t\t<\/div>\n\t\t\t<\/div>\n\t\t\t\t\t\t<div class=\"man_timeline_item\">\n\t\t\t\t<div class=\"man_timeline_pin even\">\n\t\t\t\t\t<span class=\"man_timeline_point\"><\/span>\n\t\t\t\t\t<span class=\"man_timeline_point_border\"><\/span>\n\t\t\t\t\t<div class=\"man_timeline_pin_title\">\n\t\t\t\t\t\t2020\t\t\t\t\t<\/div>\n\t\t\t\t\t<div class=\"man_timeline_pin_cont\">\n\t\t\t\t\t\t\n\n\t\t\t\t\t\t\t\t\t\t\t\t\t<div class=\"man_timeline_pin_cont_corner man_timeline_pin_cont_corner_even\">\n\t\t\t\t\t\t\t\t<svg\n\t\t\t\t\t\t\t\t  xmlns='http:\/\/www.w3.org\/2000\/svg'\n\t\t\t\t\t\t\t\t  viewBox='0 0 64 64'\n\t\t\t\t\t\t\t\t  width='64' height='64'\n\t\t\t\t\t\t\t\t  fill='currentcolor'>\n\t\t\t\t\t\t\t\t  <path d='M0 16 L10 0 L0 0 L0 8 Z' \/>\n\t\t\t\t\t\t\t\t<\/svg>\n\t\t\t\t\t\t\t<\/div>\n\t\t\t\t\t\t\t\t\t\t\t\t\t\n\t\t\t\t\t\t\n\t\t\t\t\t\t<p>Lancio di ASTRO 600<\/p>\t\t\t\t\t<\/div>\n\t\t\t\t<\/div>\n\t\t\t<\/div>\n\t\t\t\t\t\t<div class=\"man_timeline_item\">\n\t\t\t\t<div class=\"man_timeline_pin odd\">\n\t\t\t\t\t<span class=\"man_timeline_point\"><\/span>\n\t\t\t\t\t<span class=\"man_timeline_point_border\"><\/span>\n\t\t\t\t\t<div class=\"man_timeline_pin_title\">\n\t\t\t\t\t\t2025\t\t\t\t\t<\/div>\n\t\t\t\t\t<div class=\"man_timeline_pin_cont\">\n\t\t\t\t\t\t\n\n\t\t\t\t\t\t\t\t\t\t\t\t\t<div class=\"man_timeline_pin_cont_corner\">\n\t\t\t\t\t\t\t\t<svg\n\t\t\t\t\t\t\t\t  xmlns='http:\/\/www.w3.org\/2000\/svg'\n\t\t\t\t\t\t\t\t  viewBox='0 0 64 64'\n\t\t\t\t\t\t\t\t  width='64' height='64'\n\t\t\t\t\t\t\t\t  fill='currentcolor'>\n\t\t\t\t\t\t\t\t  <path d='M0 16 L10 16 L0 0 Z' \/>\n\t\t\t\t\t\t\t\t<\/svg>\n\t\t\t\t\t\t\t<\/div>\n\t\t\t\t\t\t\t\t\t\t\t\t\t\n\t\t\t\t\t\t\n\t\t\t\t\t\t<p>Oltre 10.000 Canto e 1.000 Astro venduti<\/p>\t\t\t\t\t<\/div>\n\t\t\t\t<\/div>\n\t\t\t<\/div>\n\t\t\t\t\t<\/div>\n\t<\/div>\n\n\t\t\t\t\t<\/div>\n\t\t\t\t<\/div>\n\t\t\t\t\t<\/div>\n\t\t\t\t<\/div>\n\t\t\t\t<section class=\"elementor-section elementor-top-section elementor-element elementor-element-c4cbaea elementor-section-boxed elementor-section-height-default elementor-section-height-default\" data-id=\"c4cbaea\" data-element_type=\"section\">\n\t\t\t\t\t\t<div class=\"elementor-container elementor-column-gap-default\">\n\t\t\t\t\t<div class=\"elementor-column elementor-col-100 elementor-top-column elementor-element elementor-element-0651123\" data-id=\"0651123\" data-element_type=\"column\">\n\t\t\t<div class=\"elementor-widget-wrap elementor-element-populated\">\n\t\t\t\t\t\t<div class=\"elementor-element elementor-element-84f9d88 elementor-invisible elementor-widget elementor-widget-image\" data-id=\"84f9d88\" data-element_type=\"widget\" data-settings=\"{&quot;_animation&quot;:&quot;fadeIn&quot;}\" data-widget_type=\"image.default\">\n\t\t\t\t<div class=\"elementor-widget-container\">\n\t\t\t\t\t\t\t\t\t\t\t\t\t\t\t<img loading=\"lazy\" decoding=\"async\" width=\"1600\" height=\"692\" src=\"https:\/\/www.ldr.it\/wp-content\/uploads\/2025\/02\/LDR-Company-Profile-2023-14-1600x692.png\" class=\"attachment-manufacturer_full size-manufacturer_full wp-image-2629\" alt=\"\" srcset=\"https:\/\/www.ldr.it\/wp-content\/uploads\/2025\/02\/LDR-Company-Profile-2023-14-1600x692.png 1600w, https:\/\/www.ldr.it\/wp-content\/uploads\/2025\/02\/LDR-Company-Profile-2023-14-300x130.png 300w, https:\/\/www.ldr.it\/wp-content\/uploads\/2025\/02\/LDR-Company-Profile-2023-14-1024x443.png 1024w, https:\/\/www.ldr.it\/wp-content\/uploads\/2025\/02\/LDR-Company-Profile-2023-14-768x332.png 768w, https:\/\/www.ldr.it\/wp-content\/uploads\/2025\/02\/LDR-Company-Profile-2023-14-1536x665.png 1536w, https:\/\/www.ldr.it\/wp-content\/uploads\/2025\/02\/LDR-Company-Profile-2023-14-285x123.png 285w, https:\/\/www.ldr.it\/wp-content\/uploads\/2025\/02\/LDR-Company-Profile-2023-14-660x286.png 660w, https:\/\/www.ldr.it\/wp-content\/uploads\/2025\/02\/LDR-Company-Profile-2023-14-150x65.png 150w, https:\/\/www.ldr.it\/wp-content\/uploads\/2025\/02\/LDR-Company-Profile-2023-14.png 2020w\" sizes=\"(max-width: 1600px) 100vw, 1600px\" \/>\t\t\t\t\t\t\t\t\t\t\t\t\t\t\t<\/div>\n\t\t\t\t<\/div>\n\t\t\t\t\t<\/div>\n\t\t<\/div>\n\t\t\t\t\t<\/div>\n\t\t<\/section>\n\t\t\t\t<\/div>\n\t\t","protected":false},"excerpt":{"rendered":"<p>l&#8217;AZIENDA Luci della Ribalta, o LDR come \u00e8 conosciuta in tutto il mondo, ha iniziato la sua attivit\u00e0&#8230;<\/p>\n","protected":false},"author":2,"featured_media":0,"parent":0,"menu_order":0,"comment_status":"closed","ping_status":"closed","template":"elementor_header_footer","meta":{"_monsterinsights_skip_tracking":false,"_monsterinsights_sitenote_active":false,"_monsterinsights_sitenote_note":"","_monsterinsights_sitenote_category":0,"footnotes":""},"class_list":["post-346","page","type-page","status-publish","hentry"],"aioseo_notices":[],"_links":{"self":[{"href":"https:\/\/www.ldr.it\/it\/wp-json\/wp\/v2\/pages\/346","targetHints":{"allow":["GET"]}}],"collection":[{"href":"https:\/\/www.ldr.it\/it\/wp-json\/wp\/v2\/pages"}],"about":[{"href":"https:\/\/www.ldr.it\/it\/wp-json\/wp\/v2\/types\/page"}],"author":[{"embeddable":true,"href":"https:\/\/www.ldr.it\/it\/wp-json\/wp\/v2\/users\/2"}],"replies":[{"embeddable":true,"href":"https:\/\/www.ldr.it\/it\/wp-json\/wp\/v2\/comments?post=346"}],"version-history":[{"count":63,"href":"https:\/\/www.ldr.it\/it\/wp-json\/wp\/v2\/pages\/346\/revisions"}],"predecessor-version":[{"id":4510,"href":"https:\/\/www.ldr.it\/it\/wp-json\/wp\/v2\/pages\/346\/revisions\/4510"}],"wp:attachment":[{"href":"https:\/\/www.ldr.it\/it\/wp-json\/wp\/v2\/media?parent=346"}],"curies":[{"name":"wp","href":"https:\/\/api.w.org\/{rel}","templated":true}]}}