{"id":1997,"date":"2025-01-28T21:00:49","date_gmt":"2025-01-28T21:00:49","guid":{"rendered":"https:\/\/www.ldrlight.it\/?post_type=product&#038;p=1997"},"modified":"2025-08-27T08:14:32","modified_gmt":"2025-08-27T08:14:32","slug":"nota-f1200-xl","status":"publish","type":"product","link":"https:\/\/www.ldr.it\/it\/product\/nota-f1200-xl\/","title":{"rendered":"Nota F1200 XL"},"content":{"rendered":"<p>Offre un angolo di proiezione estremamente ampio e dispone di porta\u2010lampada GX9.5 regolabile in altezza, sportello inferiore basculante, messa a fuoco a vite con comandi anteriori e posteriori e doppio microinterruttore di sicurezza. La dotazione standard include telaio porta\u2010gelatina, rete di protezione ed 1.5m di cavo di alimentazione 3&#215;1.5mmq.<\/p>\n","protected":false},"excerpt":{"rendered":"<p>Il pi\u00f9 performante illuminatore fresnel nella sua categoria ad oggi disponibile sul mercato, NOTA F 1200 XL \u00e8 dotato di una lente in borosilicato di altissima qualit\u00e0 e diametro 200mm, che garantisce un fascio di luce omogeneo, per utilizzo su distanze fino a 25m.<\/p>\n","protected":false},"featured_media":2161,"template":"","meta":{"_monsterinsights_skip_tracking":false,"_monsterinsights_sitenote_active":false,"_monsterinsights_sitenote_note":"","_monsterinsights_sitenote_category":0},"product_brand":[],"product_cat":[332,335],"product_tag":[79,89,75,88,77],"class_list":{"0":"post-1997","1":"product","2":"type-product","3":"status-publish","4":"has-post-thumbnail","6":"product_cat-convenzionali_ita","7":"product_cat-fresnel-ita_conv","8":"product_tag-bianco","9":"product_tag-convenzionale","10":"product_tag-fresnel","11":"product_tag-lamp","12":"product_tag-white","13":"stm_brands-ldr","15":"first","16":"instock","17":"shipping-taxable","18":"product-type-simple"},"aioseo_notices":[],"_links":{"self":[{"href":"https:\/\/www.ldr.it\/it\/wp-json\/wp\/v2\/product\/1997","targetHints":{"allow":["GET"]}}],"collection":[{"href":"https:\/\/www.ldr.it\/it\/wp-json\/wp\/v2\/product"}],"about":[{"href":"https:\/\/www.ldr.it\/it\/wp-json\/wp\/v2\/types\/product"}],"wp:featuredmedia":[{"embeddable":true,"href":"https:\/\/www.ldr.it\/it\/wp-json\/wp\/v2\/media\/2161"}],"wp:attachment":[{"href":"https:\/\/www.ldr.it\/it\/wp-json\/wp\/v2\/media?parent=1997"}],"wp:term":[{"taxonomy":"product_brand","embeddable":true,"href":"https:\/\/www.ldr.it\/it\/wp-json\/wp\/v2\/product_brand?post=1997"},{"taxonomy":"product_cat","embeddable":true,"href":"https:\/\/www.ldr.it\/it\/wp-json\/wp\/v2\/product_cat?post=1997"},{"taxonomy":"product_tag","embeddable":true,"href":"https:\/\/www.ldr.it\/it\/wp-json\/wp\/v2\/product_tag?post=1997"}],"curies":[{"name":"wp","href":"https:\/\/api.w.org\/{rel}","templated":true}]}}