{"id":2074,"date":"2025-02-12T13:41:17","date_gmt":"2025-02-12T13:41:17","guid":{"rendered":"https:\/\/www.ldrlight.it\/?post_type=product&#038;p=2074"},"modified":"2025-08-04T12:12:50","modified_gmt":"2025-08-04T12:12:50","slug":"alba-f250-led-tunable-white","status":"publish","type":"product","link":"https:\/\/www.ldr.it\/it\/product\/alba-f250-led-tunable-white\/","title":{"rendered":"Alba F250 Tunable White"},"content":{"rendered":"<p style=\"text-align: left;\">Produce un intenso fascio di luce bianca dai bordi soffusi, a temperatura colore variabile tra i 2800K ed i 6300K.\u00a0E\u2019 ideale in tutte quelle installazioni dove sia necessaria la flessibilit\u00e0 di un illuminatore LED a luce bianca dalla temperatura colore variabile ed, al contempo, ovunque il risparmio energetico ed il controllo della temperatura ambiente siano prioritari. La lente Fresnel in borosilicato di altissima qualit\u00e0 garantisce inoltre un\u2019eccellente resa luminosa, ben superiore a quella di analoghi prodotti con lente in plastica ed \u00e8 quindi la scelta ovvia degli utilizzatori pi\u00f9 esigenti, facendo di ALBA un prodotto durevole e dalla resa costante nel tempo. ALBA Fresnel \u00e8 ideale per l\u2019illuminazione a distanza medio-lunga di teatri, studi televisivi, luoghi di culto, sale polivalenti od impianti sportivi ed in tutte quelle installazioni ove sia richiesto un prodotto maneggevole, affidabile e di estrema semplicit\u00e0 di utilizzo. Una nuova funzione, recentemente implementata, consente di gestire, tramite un canale DMX dedicato, 10 bianchi pre-impostati, in un range tra i 3000K a 5800K Alba F250 TW viene fornito completo di 1.6m cavo di alimentazione con Power-con montato e telaio porta-gelatina 185x185mm e dispone di paraluce girevole a 4 alette opzionale. Tutti i modelli della serie Alba sono disponibili con luce bianca a 3200K e 5600K, RGBW e TW, nei colori nero, bianco ed argento e con forcella manuale o PO (<a href=\"https:\/\/www.ldrlight.it\/wp-content\/uploads\/2025\/02\/Alba-f250-TW-PO-eng.pdf\">controllo a palo<\/a>).<\/p>\n","protected":false},"excerpt":{"rendered":"<p>Illuminatore Fresnel a LED, elegante, compatto ed estremamente efficiente, dotato di dimmer PWM per segnale DMX e RDM e COB TW \u2013 bianco dinamico.<\/p>\n","protected":false},"featured_media":2077,"template":"","meta":{"_monsterinsights_skip_tracking":false,"_monsterinsights_sitenote_active":false,"_monsterinsights_sitenote_note":"","_monsterinsights_sitenote_category":0},"product_brand":[],"product_cat":[338,341],"product_tag":[75,74,76,77],"class_list":{"0":"post-2074","1":"product","2":"type-product","3":"status-publish","4":"has-post-thumbnail","6":"product_cat-led_ita","7":"product_cat-fresnel-ita_led","8":"product_tag-fresnel","9":"product_tag-led","10":"product_tag-tunable-white","11":"product_tag-white","12":"stm_brands-ldr","14":"first","15":"instock","16":"shipping-taxable","17":"product-type-simple"},"aioseo_notices":[],"_links":{"self":[{"href":"https:\/\/www.ldr.it\/it\/wp-json\/wp\/v2\/product\/2074","targetHints":{"allow":["GET"]}}],"collection":[{"href":"https:\/\/www.ldr.it\/it\/wp-json\/wp\/v2\/product"}],"about":[{"href":"https:\/\/www.ldr.it\/it\/wp-json\/wp\/v2\/types\/product"}],"wp:featuredmedia":[{"embeddable":true,"href":"https:\/\/www.ldr.it\/it\/wp-json\/wp\/v2\/media\/2077"}],"wp:attachment":[{"href":"https:\/\/www.ldr.it\/it\/wp-json\/wp\/v2\/media?parent=2074"}],"wp:term":[{"taxonomy":"product_brand","embeddable":true,"href":"https:\/\/www.ldr.it\/it\/wp-json\/wp\/v2\/product_brand?post=2074"},{"taxonomy":"product_cat","embeddable":true,"href":"https:\/\/www.ldr.it\/it\/wp-json\/wp\/v2\/product_cat?post=2074"},{"taxonomy":"product_tag","embeddable":true,"href":"https:\/\/www.ldr.it\/it\/wp-json\/wp\/v2\/product_tag?post=2074"}],"curies":[{"name":"wp","href":"https:\/\/api.w.org\/{rel}","templated":true}]}}