{"id":3134,"date":"2025-03-19T12:05:22","date_gmt":"2025-03-19T12:05:22","guid":{"rendered":"https:\/\/www.ldrlight.it\/product\/alba-pc-tunable-white\/"},"modified":"2025-08-05T11:28:25","modified_gmt":"2025-08-05T11:28:25","slug":"alba-pc-tunable-white","status":"publish","type":"product","link":"https:\/\/www.ldr.it\/it\/product\/alba-pc-tunable-white\/","title":{"rendered":"Alba PC250 Tunable White"},"content":{"rendered":"<p>Produce un intenso fascio di luce bianca dai bordi definiti, a temperatura colore variabile tra i 2800K ed i 6300K. E\u2019 ideale in tutte quelle installazioni dove sia necessaria la flessibilit\u00e0 di un illuminatore LED a luce bianca dalla temperatura colore variabile ed, al contempo, ovunque il risparmio energetico ed il controllo della temperatura ambiente siano prioritari. La lente PC di altissima qualit\u00e0 garantisce inoltre un\u2019eccellente resa luminosa, ben superiore a quella di analoghi prodotti con lente in plastica ed \u00e8 quindi la scelta ovvia degli utilizzatori pi\u00f9 esigenti, facendo di ALBA un prodotto durevole e dalla resa costante nel tempo. ALBA PC \u00e8 ideale per l\u2019illuminazione a distanza medio\u2010lunga di teatri, studi televisivi, luoghi di culto, sale polivalenti od impianti sportivi ed in tutte quelle installazioni ove sia richiesto un prodotto maneggevole, affidabile e di estrema semplicit\u00e0 di utilizzo. Una nuova funzione, recentemente implementata, consente di gestire, tramite un canale DMX dedicato, 10 bianchi pre\u2010impostati, in un range tra i 3000K a 5800K. Alba PC250 TW viene fornito completo di 1.6m cavo di alimentazione con Power\u2010con montato e telaio porta\u2010gelatina 185x185mm e dispone di paraluce girevole a 4 alette opzionale. Tutti i modelli della serie Alba sono disponibili con luce bianca a 3200K e 5600K, RGBW e TW, nei colori nero, bianco ed argento e con forcella manuale o PO (controllo a palo).<\/p>\n","protected":false},"excerpt":{"rendered":"<p>Illuminatore PC a LED, elegante, compatto ed estremamente efficiente, dotato di dimmer PWM per segnale DMX e RDM e COB TW \u2013 bianco dinamico.<\/p>\n","protected":false},"featured_media":3119,"template":"","meta":{"_monsterinsights_skip_tracking":false,"_monsterinsights_sitenote_active":false,"_monsterinsights_sitenote_note":"","_monsterinsights_sitenote_category":0},"product_brand":[],"product_cat":[338,342],"product_tag":[268,74,154,76,77],"class_list":{"0":"post-3134","1":"product","2":"type-product","3":"status-publish","4":"has-post-thumbnail","6":"product_cat-led_ita","7":"product_cat-pc_led_ita","8":"product_tag-alba-it","9":"product_tag-led","10":"product_tag-pc-it","11":"product_tag-tunable-white","12":"product_tag-white","13":"stm_brands-ldr","15":"first","16":"instock","17":"shipping-taxable","18":"product-type-simple"},"aioseo_notices":[],"_links":{"self":[{"href":"https:\/\/www.ldr.it\/it\/wp-json\/wp\/v2\/product\/3134","targetHints":{"allow":["GET"]}}],"collection":[{"href":"https:\/\/www.ldr.it\/it\/wp-json\/wp\/v2\/product"}],"about":[{"href":"https:\/\/www.ldr.it\/it\/wp-json\/wp\/v2\/types\/product"}],"wp:featuredmedia":[{"embeddable":true,"href":"https:\/\/www.ldr.it\/it\/wp-json\/wp\/v2\/media\/3119"}],"wp:attachment":[{"href":"https:\/\/www.ldr.it\/it\/wp-json\/wp\/v2\/media?parent=3134"}],"wp:term":[{"taxonomy":"product_brand","embeddable":true,"href":"https:\/\/www.ldr.it\/it\/wp-json\/wp\/v2\/product_brand?post=3134"},{"taxonomy":"product_cat","embeddable":true,"href":"https:\/\/www.ldr.it\/it\/wp-json\/wp\/v2\/product_cat?post=3134"},{"taxonomy":"product_tag","embeddable":true,"href":"https:\/\/www.ldr.it\/it\/wp-json\/wp\/v2\/product_tag?post=3134"}],"curies":[{"name":"wp","href":"https:\/\/api.w.org\/{rel}","templated":true}]}}